{"id":10483,"date":"2025-03-12T04:23:04","date_gmt":"2025-03-12T04:23:04","guid":{"rendered":"https:\/\/sharmholidays.net\/?page_id=10483"},"modified":"2026-02-24T14:18:08","modified_gmt":"2026-02-24T14:18:08","slug":"culture-tours","status":"publish","type":"page","link":"https:\/\/sharmholidays.net\/es\/sharm-el-sheikh-tours\/culture-tours\/","title":{"rendered":"Tours culturales"},"content":{"rendered":"<div data-elementor-type=\"wp-page\" data-elementor-id=\"10483\" class=\"elementor elementor-10483\" data-elementor-post-type=\"page\">\n\t\t\t\t<div class=\"elementor-element elementor-element-48f728f e-flex e-con-boxed e-con e-parent\" data-id=\"48f728f\" data-element_type=\"container\" data-e-type=\"container\" data-settings=\"{&quot;background_background&quot;:&quot;classic&quot;,&quot;ekit_has_onepagescroll_dot&quot;:&quot;yes&quot;}\">\n\t\t\t\t\t<div class=\"e-con-inner\">\n\t\t\t\t<div class=\"elementor-element elementor-element-c3d45f3 elementor-widget elementor-widget-travic_hero_title\" data-id=\"c3d45f3\" data-element_type=\"widget\" data-e-type=\"widget\" data-settings=\"{&quot;ekit_we_effect_on&quot;:&quot;none&quot;}\" data-widget_type=\"travic_hero_title.default\">\n\t\t\t\t<div class=\"elementor-widget-container\">\n\t\t\t\t\t    \t\n        <div class=\"sec-title\">\n            <span class=\"sub-title te-subtitle\">Los mejores tours<\/span>            <h2 class=\"te-title travic-size-default\">Los mejores tours culturales de Sharm El Sheikh<\/h2>        <\/div>\n        \n\t\t        \n    \t\t\t\t<\/div>\n\t\t\t\t<\/div>\n\t\t\t\t\t<\/div>\n\t\t\t\t<\/div>\n\t\t\t\t<section class=\"elementor-section elementor-top-section elementor-element elementor-element-4e07434 elementor-section-boxed elementor-section-height-default elementor-section-height-default\" data-id=\"4e07434\" data-element_type=\"section\" data-e-type=\"section\" data-settings=\"{&quot;ekit_has_onepagescroll_dot&quot;:&quot;yes&quot;}\">\n\t\t\t\t\t\t<div class=\"elementor-container elementor-column-gap-default\">\n\t\t\t\t\t<div class=\"elementor-column elementor-col-100 elementor-top-column elementor-element elementor-element-1eb0122\" data-id=\"1eb0122\" data-element_type=\"column\" data-e-type=\"column\">\n\t\t\t<div class=\"elementor-widget-wrap elementor-element-populated\">\n\t\t\t\t\t\t<section class=\"elementor-section elementor-inner-section elementor-element elementor-element-a791940 elementor-section-boxed elementor-section-height-default elementor-section-height-default\" data-id=\"a791940\" data-element_type=\"section\" data-e-type=\"section\" data-settings=\"{&quot;ekit_has_onepagescroll_dot&quot;:&quot;yes&quot;}\">\n\t\t\t\t\t\t<div class=\"elementor-container elementor-column-gap-default\">\n\t\t\t\t\t<div class=\"elementor-column elementor-col-33 elementor-inner-column elementor-element elementor-element-21d237d\" data-id=\"21d237d\" data-element_type=\"column\" data-e-type=\"column\">\n\t\t\t<div class=\"elementor-widget-wrap elementor-element-populated\">\n\t\t\t\t\t\t<div class=\"elementor-element elementor-element-38c8c18 ekit-equal-height-disable elementor-widget elementor-widget-elementskit-image-box\" data-id=\"38c8c18\" data-element_type=\"widget\" data-e-type=\"widget\" data-settings=\"{&quot;ekit_we_effect_on&quot;:&quot;none&quot;}\" data-widget_type=\"elementskit-image-box.default\">\n\t\t\t\t<div class=\"elementor-widget-container\">\n\t\t\t\t\t<div class=\"ekit-wid-con\" >\n            <div class=\"elementskit-info-image-box ekit-image-box text-center style-modern\" >\n\n                <a href=\"https:\/\/sharmholidays.net\/es\/cairo-over-night-excursion-by-plane-from-sharm-el-sheikh\/\">\n                <div class=\"elementskit-box-header image-box-img-center\">\n\n                    <img fetchpriority=\"high\" decoding=\"async\" width=\"525\" height=\"359\" src=\"https:\/\/sharmholidays.net\/wp-content\/uploads\/2026\/01\/1e128253-1534-4bad-a069-e9bf4eebe290-e1769453027700-768x525.jpeg\" class=\"attachment-medium_large size-medium_large wp-image-11060\" alt=\"\" srcset=\"https:\/\/sharmholidays.net\/wp-content\/uploads\/2026\/01\/1e128253-1534-4bad-a069-e9bf4eebe290-e1769453027700-768x525.jpeg 768w, https:\/\/sharmholidays.net\/wp-content\/uploads\/2026\/01\/1e128253-1534-4bad-a069-e9bf4eebe290-e1769453027700-800x547.jpeg 800w, https:\/\/sharmholidays.net\/wp-content\/uploads\/2026\/01\/1e128253-1534-4bad-a069-e9bf4eebe290-e1769453027700-1200x820.jpeg 1200w, https:\/\/sharmholidays.net\/wp-content\/uploads\/2026\/01\/1e128253-1534-4bad-a069-e9bf4eebe290-e1769453027700-18x12.jpeg 18w, https:\/\/sharmholidays.net\/wp-content\/uploads\/2026\/01\/1e128253-1534-4bad-a069-e9bf4eebe290-e1769453027700.jpeg 1280w\" sizes=\"(max-width: 525px) 100vw, 525px\" \/>\n                <\/div>\n                <\/a>\n                <div class=\"elementskit-box-body ekit-image-box-body\">\n                    <div class=\"elementskit-box-content ekit-image-box-body-inner\">\n                                                <h3 class=\"elementskit-info-box-title\">\n\n                        Excursi\u00f3n nocturna a El Cairo en avi\u00f3n desde Sharm El Sheikh\n                        \n                    <\/h3>\n                                                            <div class=\"elementskit-box-style-content\">\n                        Experimente las maravillas del antiguo Egipto en una emocionante excursi\u00f3n de dos d\u00edas a El Cairo desde Sharm El Sheikh.\n<br>\n<div style=\"gap: 20px;flex-wrap: wrap;align-items: center;justify-content: center;margin: 30px 0;font-family: 'Inter', 'Segoe UI', Tahoma, Geneva, Verdana, sans-serif;max-width: 100%\">\n  <div style=\"align-items: center;justify-content: center;background: linear-gradient(135deg, #ffffff, #f8f9fa);padding: 12px 30px;border-radius: 50px;border: 1px solid #dee2e6;min-width: 120px\">\n    <span style=\"font-weight: 700;font-size: 2rem;color: #0056b3;line-height: 1;letter-spacing: -0.02em\">\u20ac400<\/span>\n  <\/div>\n<\/div>                    <\/div>\n                                    <\/div>\n\n                                <div class=\"elementskit-box-footer\">\n                    <div class=\"box-footer\">\n                        <div class=\"btn-wraper\">\n                                                            <a href=\"https:\/\/sharmholidays.net\/es\/cairo-over-night-excursion-by-plane-from-sharm-el-sheikh\/\" class=\"elementskit-btn whitespace--normal\">\n                                    \n                                    \n                                    Leer m\u00e1s                                <\/a>\n                                                        <\/div>\n                    <\/div>\n                <\/div>\n                            <\/div>\n            <\/div>\n    <\/div>\t\t\t\t<\/div>\n\t\t\t\t<\/div>\n\t\t\t\t\t<\/div>\n\t\t<\/div>\n\t\t\t\t<div class=\"elementor-column elementor-col-33 elementor-inner-column elementor-element elementor-element-30ee6ce\" data-id=\"30ee6ce\" data-element_type=\"column\" data-e-type=\"column\">\n\t\t\t<div class=\"elementor-widget-wrap elementor-element-populated\">\n\t\t\t\t\t\t<div class=\"elementor-element elementor-element-7701147 ekit-equal-height-disable elementor-widget elementor-widget-elementskit-image-box\" data-id=\"7701147\" data-element_type=\"widget\" data-e-type=\"widget\" data-settings=\"{&quot;ekit_we_effect_on&quot;:&quot;none&quot;}\" data-widget_type=\"elementskit-image-box.default\">\n\t\t\t\t<div class=\"elementor-widget-container\">\n\t\t\t\t\t<div class=\"ekit-wid-con\" >\n            <div class=\"elementskit-info-image-box ekit-image-box text-center style-modern\" >\n\n                <a href=\"https:\/\/sharmholidays.net\/es\/parasailing-over-sharm-el-sheikh\/\">\n                <div class=\"elementskit-box-header image-box-img-center\">\n\n                    <img decoding=\"async\" width=\"525\" height=\"359\" src=\"https:\/\/sharmholidays.net\/wp-content\/uploads\/2026\/01\/bcffe202-cfce-4dd2-acf4-53a12d9cbcfa-e1769441118598-768x525.jpeg\" class=\"attachment-medium_large size-medium_large wp-image-11050\" alt=\"\" srcset=\"https:\/\/sharmholidays.net\/wp-content\/uploads\/2026\/01\/bcffe202-cfce-4dd2-acf4-53a12d9cbcfa-e1769441118598-768x525.jpeg 768w, https:\/\/sharmholidays.net\/wp-content\/uploads\/2026\/01\/bcffe202-cfce-4dd2-acf4-53a12d9cbcfa-e1769441118598-800x547.jpeg 800w, https:\/\/sharmholidays.net\/wp-content\/uploads\/2026\/01\/bcffe202-cfce-4dd2-acf4-53a12d9cbcfa-e1769441118598-1200x820.jpeg 1200w, https:\/\/sharmholidays.net\/wp-content\/uploads\/2026\/01\/bcffe202-cfce-4dd2-acf4-53a12d9cbcfa-e1769441118598-18x12.jpeg 18w, https:\/\/sharmholidays.net\/wp-content\/uploads\/2026\/01\/bcffe202-cfce-4dd2-acf4-53a12d9cbcfa-e1769441118598.jpeg 1280w\" sizes=\"(max-width: 525px) 100vw, 525px\" \/>\n                <\/div>\n                <\/a>\n                <div class=\"elementskit-box-body ekit-image-box-body\">\n                    <div class=\"elementskit-box-content ekit-image-box-body-inner\">\n                                                <h3 class=\"elementskit-info-box-title\">\n\n                        Visita al Monasterio de Santa Catalina y al Valle de Zaga\n                        \n                    <\/h3>\n                                                            <div class=\"elementskit-box-style-content\">\n                        Explore el Monasterio de Santa Catalina y el Valle de Zaga: historia, belleza del desierto y cultura beduina en un recorrido inolvidable.\n<br>\n<div style=\"gap: 20px;flex-wrap: wrap;align-items: center;justify-content: center;margin: 30px 0;font-family: 'Inter', 'Segoe UI', Tahoma, Geneva, Verdana, sans-serif;max-width: 100%\">\n  <div style=\"align-items: center;justify-content: center;background: linear-gradient(135deg, #ffffff, #f8f9fa);padding: 12px 30px;border-radius: 50px;border: 1px solid #dee2e6;min-width: 120px\">\n    <span style=\"font-weight: 700;font-size: 2rem;color: #0056b3;line-height: 1;letter-spacing: -0.02em\">\u20ac40<\/span>\n  <\/div>\n<\/div>                    <\/div>\n                                    <\/div>\n\n                                <div class=\"elementskit-box-footer\">\n                    <div class=\"box-footer\">\n                        <div class=\"btn-wraper\">\n                                                            <a href=\"https:\/\/sharmholidays.net\/es\/tour-to-st-catherines-monastery-the-valley-of-zaga-2\/\" class=\"elementskit-btn whitespace--normal\">\n                                    \n                                    \n                                    Reservar ahora                                 <\/a>\n                                                        <\/div>\n                    <\/div>\n                <\/div>\n                            <\/div>\n            <\/div>\n    <\/div>\t\t\t\t<\/div>\n\t\t\t\t<\/div>\n\t\t\t\t\t<\/div>\n\t\t<\/div>\n\t\t\t\t<div class=\"elementor-column elementor-col-33 elementor-inner-column elementor-element elementor-element-05be755\" data-id=\"05be755\" data-element_type=\"column\" data-e-type=\"column\">\n\t\t\t<div class=\"elementor-widget-wrap elementor-element-populated\">\n\t\t\t\t\t\t<div class=\"elementor-element elementor-element-24c4c48 ekit-equal-height-disable elementor-widget elementor-widget-elementskit-image-box\" data-id=\"24c4c48\" data-element_type=\"widget\" data-e-type=\"widget\" data-settings=\"{&quot;ekit_we_effect_on&quot;:&quot;none&quot;}\" data-widget_type=\"elementskit-image-box.default\">\n\t\t\t\t<div class=\"elementor-widget-container\">\n\t\t\t\t\t<div class=\"ekit-wid-con\" >\n            <div class=\"elementskit-info-image-box ekit-image-box text-center style-modern\" >\n\n                <a href=\"https:\/\/sharmholidays.net\/es\/luxor-by-plane-from-sharm-el-sheikh\/\">\n                <div class=\"elementskit-box-header image-box-img-center\">\n\n                    <img decoding=\"async\" width=\"525\" height=\"359\" src=\"https:\/\/sharmholidays.net\/wp-content\/uploads\/2026\/01\/03d5e242-6563-4344-8fd0-486c0d124ee5-768x525.jpeg\" class=\"attachment-medium_large size-medium_large wp-image-11051\" alt=\"\" srcset=\"https:\/\/sharmholidays.net\/wp-content\/uploads\/2026\/01\/03d5e242-6563-4344-8fd0-486c0d124ee5-768x525.jpeg 768w, https:\/\/sharmholidays.net\/wp-content\/uploads\/2026\/01\/03d5e242-6563-4344-8fd0-486c0d124ee5-800x547.jpeg 800w, https:\/\/sharmholidays.net\/wp-content\/uploads\/2026\/01\/03d5e242-6563-4344-8fd0-486c0d124ee5-1200x820.jpeg 1200w, https:\/\/sharmholidays.net\/wp-content\/uploads\/2026\/01\/03d5e242-6563-4344-8fd0-486c0d124ee5-18x12.jpeg 18w, https:\/\/sharmholidays.net\/wp-content\/uploads\/2026\/01\/03d5e242-6563-4344-8fd0-486c0d124ee5.jpeg 1280w\" sizes=\"(max-width: 525px) 100vw, 525px\" \/>\n                <\/div>\n                <\/a>\n                <div class=\"elementskit-box-body ekit-image-box-body\">\n                    <div class=\"elementskit-box-content ekit-image-box-body-inner\">\n                                                <h3 class=\"elementskit-info-box-title\">\n\n                        Luxor en avi\u00f3n desde Sharm El Sheikh\n                        \n                    <\/h3>\n                                                            <div class=\"elementskit-box-style-content\">\n                        Sum\u00e9rgete en las legendarias maravillas del antiguo Egipto en una emocionante excursi\u00f3n de un d\u00eda a Luxor en avi\u00f3n desde Sharm El Sheikh hoy.\n<br>\n<div style=\"gap: 20px;flex-wrap: wrap;align-items: center;justify-content: center;margin: 30px 0;font-family: 'Inter', 'Segoe UI', Tahoma, Geneva, Verdana, sans-serif;max-width: 100%\">\n  <div style=\"align-items: center;justify-content: center;background: linear-gradient(135deg, #ffffff, #f8f9fa);padding: 12px 30px;border-radius: 50px;border: 1px solid #dee2e6;min-width: 120px\">\n    <span style=\"font-weight: 700;font-size: 2rem;color: #0056b3;line-height: 1;letter-spacing: -0.02em\">\u20ac220<\/span>\n  <\/div>\n<\/div>                    <\/div>\n                                    <\/div>\n\n                                <div class=\"elementskit-box-footer\">\n                    <div class=\"box-footer\">\n                        <div class=\"btn-wraper\">\n                                                            <a href=\"https:\/\/sharmholidays.net\/es\/luxor-by-plane-from-sharm-el-sheikh\/\" class=\"elementskit-btn whitespace--normal\">\n                                    \n                                    \n                                    Leer m\u00e1s                                <\/a>\n                                                        <\/div>\n                    <\/div>\n                <\/div>\n                            <\/div>\n            <\/div>\n    <\/div>\t\t\t\t<\/div>\n\t\t\t\t<\/div>\n\t\t\t\t\t<\/div>\n\t\t<\/div>\n\t\t\t\t\t<\/div>\n\t\t<\/section>\n\t\t\t\t\t<\/div>\n\t\t<\/div>\n\t\t\t\t\t<\/div>\n\t\t<\/section>\n\t\t<div class=\"elementor-element elementor-element-3ce9c92 e-con-full e-flex e-con e-parent\" data-id=\"3ce9c92\" data-element_type=\"container\" data-e-type=\"container\" data-settings=\"{&quot;ekit_has_onepagescroll_dot&quot;:&quot;yes&quot;}\">\n\t\t\t\t<div class=\"elementor-element elementor-element-82388fe elementor-widget elementor-widget-travic_newsletter_form\" data-id=\"82388fe\" data-element_type=\"widget\" data-e-type=\"widget\" data-settings=\"{&quot;btn_margin&quot;:{&quot;unit&quot;:&quot;px&quot;,&quot;top&quot;:&quot;&quot;,&quot;right&quot;:&quot;&quot;,&quot;bottom&quot;:&quot;&quot;,&quot;left&quot;:&quot;&quot;,&quot;isLinked&quot;:true},&quot;btn_margin_tablet&quot;:{&quot;unit&quot;:&quot;px&quot;,&quot;top&quot;:&quot;&quot;,&quot;right&quot;:&quot;&quot;,&quot;bottom&quot;:&quot;&quot;,&quot;left&quot;:&quot;&quot;,&quot;isLinked&quot;:true},&quot;btn_margin_mobile&quot;:{&quot;unit&quot;:&quot;px&quot;,&quot;top&quot;:&quot;&quot;,&quot;right&quot;:&quot;&quot;,&quot;bottom&quot;:&quot;&quot;,&quot;left&quot;:&quot;&quot;,&quot;isLinked&quot;:true},&quot;btn_padding&quot;:{&quot;unit&quot;:&quot;px&quot;,&quot;top&quot;:&quot;&quot;,&quot;right&quot;:&quot;&quot;,&quot;bottom&quot;:&quot;&quot;,&quot;left&quot;:&quot;&quot;,&quot;isLinked&quot;:true},&quot;btn_padding_tablet&quot;:{&quot;unit&quot;:&quot;px&quot;,&quot;top&quot;:&quot;&quot;,&quot;right&quot;:&quot;&quot;,&quot;bottom&quot;:&quot;&quot;,&quot;left&quot;:&quot;&quot;,&quot;isLinked&quot;:true},&quot;btn_padding_mobile&quot;:{&quot;unit&quot;:&quot;px&quot;,&quot;top&quot;:&quot;&quot;,&quot;right&quot;:&quot;&quot;,&quot;bottom&quot;:&quot;&quot;,&quot;left&quot;:&quot;&quot;,&quot;isLinked&quot;:true},&quot;ekit_we_effect_on&quot;:&quot;none&quot;}\" data-widget_type=\"travic_newsletter_form.default\">\n\t\t\t\t<div class=\"elementor-widget-container\">\n\t\t\t\t\t        \n                \n        <!-- subscribe-style-two -->\n        <section class=\"subscribe-style-two te-icon-box\">\n            <div class=\"bg-color te-icon-box\"><\/div>\n            <div class=\"auto-container\">\n                <div class=\"inner-container\">\n                    <div class=\"bg-layer\" style=\"background-image: url(https:\/\/sharmholidays.net\/wp-content\/uploads\/2025\/03\/beautiful-romantic-sunset-over-a-sandy-beach-and-palm-trees-egypt-hurghada.jpg);\"><\/div>                                        <div class=\"shape\">\n                        <div class=\"shape-1\" style=\"background-image: url(https:\/\/sharmholidays.net\/wp-content\/themes\/travic\/assets\/images\/shape\/shape-16.png);\"><\/div>\n                        <div class=\"shape-2\" style=\"background-image: url(https:\/\/sharmholidays.net\/wp-content\/themes\/travic\/assets\/images\/shape\/shape-17.png);\"><\/div>\n                    <\/div>\n                                        <div class=\"content-box\">\n                        <h2 class=\"te-title\">Suscr\u00edbete para recibir las \u00faltimas actualizaciones sobre viajes.<\/h2>                        <div class=\"form-inner\">\n                            <script>(function() {\n\twindow.mc4wp = window.mc4wp || {\n\t\tlisteners: [],\n\t\tforms: {\n\t\t\ton: function(evt, cb) {\n\t\t\t\twindow.mc4wp.listeners.push(\n\t\t\t\t\t{\n\t\t\t\t\t\tevent   : evt,\n\t\t\t\t\t\tcallback: cb\n\t\t\t\t\t}\n\t\t\t\t);\n\t\t\t}\n\t\t}\n\t}\n})();\n<\/script><!-- Mailchimp for WordPress v4.12.2 - https:\/\/wordpress.org\/plugins\/mailchimp-for-wp\/ --><form id=\"mc4wp-form-1\" class=\"mc4wp-form mc4wp-form-240\" method=\"post\" data-id=\"240\" data-name=\"Newsletter Form\" action=\"\" ><div class=\"mc4wp-form-fields\"><div class=\"form-group\">\r\n<input type=\"email\" name=\"email\" placeholder=\"Direcci\u00f3n de correo electr\u00f3nico*\" required>\r\n<button type=\"submit\" class=\"theme-btn\">Suscribir<i class=\"fa fa-long-arrow-right\"><\/i><\/button>\r\n<\/div><\/div><label style=\"display: none !important;\">Deja vac\u00edo este campo si eres humano: <input type=\"text\" name=\"_mc4wp_honeypot\" value=\"\" tabindex=\"-1\" autocomplete=\"off\" \/><\/label><input type=\"hidden\" name=\"_mc4wp_timestamp\" value=\"1778083889\" \/><input type=\"hidden\" name=\"_mc4wp_form_id\" value=\"240\" \/><input type=\"hidden\" name=\"_mc4wp_form_element_id\" value=\"mc4wp-form-1\" \/><div class=\"mc4wp-response\"><\/div><input type=\"hidden\" name=\"trp-form-language\" value=\"es\"\/><\/form><!-- \/ Mailchimp for WordPress Plugin -->                        <\/div>\n                    <\/div>\n                <\/div>\n            <\/div>\n        <\/section>\n        <!-- subscribe-style-two end -->\n        \n        \t\t\t\t<\/div>\n\t\t\t\t<\/div>\n\t\t\t\t<\/div>\n\t\t\t\t<\/div>","protected":false},"excerpt":{"rendered":"<p>Top Tours Top Sharm El Sheikh Culture Tours Cairo Over Night Excursion by Plane from Sharm El Sheikh Experience the wonders of ancient Egypt on a thrilling two-day excursion to Cairo from Sharm El Sheikh. \u20ac400 Read More Tour to St. Catherine\u2019s Monastery &amp; the Valley of Zaga Explore St. Catherine\u2019s Monastery and Zaga Valley&hellip;<\/p>","protected":false},"author":1,"featured_media":0,"parent":16,"menu_order":0,"comment_status":"closed","ping_status":"closed","template":"tpl-default-elementor.php","meta":{"footnotes":""},"class_list":["post-10483","page","type-page","status-publish","hentry"],"aioseo_notices":[],"_links":{"self":[{"href":"https:\/\/sharmholidays.net\/es\/wp-json\/wp\/v2\/pages\/10483","targetHints":{"allow":["GET"]}}],"collection":[{"href":"https:\/\/sharmholidays.net\/es\/wp-json\/wp\/v2\/pages"}],"about":[{"href":"https:\/\/sharmholidays.net\/es\/wp-json\/wp\/v2\/types\/page"}],"author":[{"embeddable":true,"href":"https:\/\/sharmholidays.net\/es\/wp-json\/wp\/v2\/users\/1"}],"replies":[{"embeddable":true,"href":"https:\/\/sharmholidays.net\/es\/wp-json\/wp\/v2\/comments?post=10483"}],"version-history":[{"count":15,"href":"https:\/\/sharmholidays.net\/es\/wp-json\/wp\/v2\/pages\/10483\/revisions"}],"predecessor-version":[{"id":11410,"href":"https:\/\/sharmholidays.net\/es\/wp-json\/wp\/v2\/pages\/10483\/revisions\/11410"}],"up":[{"embeddable":true,"href":"https:\/\/sharmholidays.net\/es\/wp-json\/wp\/v2\/pages\/16"}],"wp:attachment":[{"href":"https:\/\/sharmholidays.net\/es\/wp-json\/wp\/v2\/media?parent=10483"}],"curies":[{"name":"wp","href":"https:\/\/api.w.org\/{rel}","templated":true}]}}