{"id":10479,"date":"2025-03-12T04:20:59","date_gmt":"2025-03-12T04:20:59","guid":{"rendered":"https:\/\/sharmholidays.net\/?page_id=10479"},"modified":"2026-02-24T14:54:09","modified_gmt":"2026-02-24T14:54:09","slug":"desert-tours","status":"publish","type":"page","link":"https:\/\/sharmholidays.net\/es\/sharm-el-sheikh-tours\/desert-tours\/","title":{"rendered":"Excursiones por el desierto"},"content":{"rendered":"<div data-elementor-type=\"wp-page\" data-elementor-id=\"10479\" class=\"elementor elementor-10479\" data-elementor-post-type=\"page\">\n\t\t\t\t<div class=\"elementor-element elementor-element-9004899 e-flex e-con-boxed e-con e-parent\" data-id=\"9004899\" data-element_type=\"container\" data-e-type=\"container\" data-settings=\"{&quot;ekit_has_onepagescroll_dot&quot;:&quot;yes&quot;}\">\n\t\t\t\t\t<div class=\"e-con-inner\">\n\t\t\t\t<div class=\"elementor-element elementor-element-cf56d6f elementor-widget elementor-widget-spacer\" data-id=\"cf56d6f\" data-element_type=\"widget\" data-e-type=\"widget\" data-settings=\"{&quot;ekit_we_effect_on&quot;:&quot;none&quot;}\" data-widget_type=\"spacer.default\">\n\t\t\t\t<div class=\"elementor-widget-container\">\n\t\t\t\t\t\t\t<div class=\"elementor-spacer\">\n\t\t\t<div class=\"elementor-spacer-inner\"><\/div>\n\t\t<\/div>\n\t\t\t\t\t\t<\/div>\n\t\t\t\t<\/div>\n\t\t\t\t\t<\/div>\n\t\t\t\t<\/div>\n\t\t\t\t<section class=\"elementor-section elementor-top-section elementor-element elementor-element-b83fdb0 elementor-section-boxed elementor-section-height-default elementor-section-height-default\" data-id=\"b83fdb0\" data-element_type=\"section\" data-e-type=\"section\" data-settings=\"{&quot;ekit_has_onepagescroll_dot&quot;:&quot;yes&quot;}\">\n\t\t\t\t\t\t<div class=\"elementor-container elementor-column-gap-default\">\n\t\t\t\t\t<div class=\"elementor-column elementor-col-100 elementor-top-column elementor-element elementor-element-f723f68\" data-id=\"f723f68\" data-element_type=\"column\" data-e-type=\"column\">\n\t\t\t<div class=\"elementor-widget-wrap elementor-element-populated\">\n\t\t\t\t\t\t<div class=\"elementor-element elementor-element-b4508cf elementor-widget elementor-widget-heading\" data-id=\"b4508cf\" data-element_type=\"widget\" data-e-type=\"widget\" data-settings=\"{&quot;ekit_we_effect_on&quot;:&quot;none&quot;}\" data-widget_type=\"heading.default\">\n\t\t\t\t<div class=\"elementor-widget-container\">\n\t\t\t\t\t<div class=\"elementor-heading-title elementor-size-default\">Viajar<\/div>\t\t\t\t<\/div>\n\t\t\t\t<\/div>\n\t\t\t\t<div class=\"elementor-element elementor-element-308136f elementor-widget elementor-widget-elementskit-heading\" data-id=\"308136f\" data-element_type=\"widget\" data-e-type=\"widget\" data-settings=\"{&quot;ekit_we_effect_on&quot;:&quot;none&quot;}\" data-widget_type=\"elementskit-heading.default\">\n\t\t\t\t<div class=\"elementor-widget-container\">\n\t\t\t\t\t<div class=\"ekit-wid-con\" ><div class=\"ekit-heading elementskit-section-title-wraper text_center   ekit_heading_tablet-   ekit_heading_mobile-\"><h3 class=\"elementskit-section-subtitle\">\n\t\t\t\t\t\tLos mejores tours\n\t\t\t\t\t<\/h3><h2 class=\"ekit-heading--title elementskit-section-title\">Arriba <span><span>Desierto<\/span><\/span> Excursiones en Sharm El Sheikh<\/h2><\/div><\/div>\t\t\t\t<\/div>\n\t\t\t\t<\/div>\n\t\t\t\t<section class=\"elementor-section elementor-inner-section elementor-element elementor-element-695f501 elementor-section-boxed elementor-section-height-default elementor-section-height-default\" data-id=\"695f501\" data-element_type=\"section\" data-e-type=\"section\" data-settings=\"{&quot;ekit_has_onepagescroll_dot&quot;:&quot;yes&quot;}\">\n\t\t\t\t\t\t<div class=\"elementor-container elementor-column-gap-default\">\n\t\t\t\t\t<div class=\"elementor-column elementor-col-33 elementor-inner-column elementor-element elementor-element-61feebd\" data-id=\"61feebd\" data-element_type=\"column\" data-e-type=\"column\">\n\t\t\t<div class=\"elementor-widget-wrap elementor-element-populated\">\n\t\t\t\t\t\t<div class=\"elementor-element elementor-element-888bb96 ekit-equal-height-disable elementor-widget elementor-widget-elementskit-image-box\" data-id=\"888bb96\" data-element_type=\"widget\" data-e-type=\"widget\" data-settings=\"{&quot;ekit_we_effect_on&quot;:&quot;none&quot;}\" data-widget_type=\"elementskit-image-box.default\">\n\t\t\t\t<div class=\"elementor-widget-container\">\n\t\t\t\t\t<div class=\"ekit-wid-con\" >\n            <div class=\"elementskit-info-image-box ekit-image-box text-center style-modern\" >\n\n                <a href=\"https:\/\/sharmholidays.net\/es\/sharm-el-sheikh-quad-desert-safari-half-day\/\">\n                <div class=\"elementskit-box-header image-box-img-center\">\n\n                    <img fetchpriority=\"high\" decoding=\"async\" width=\"525\" height=\"349\" src=\"https:\/\/sharmholidays.net\/wp-content\/uploads\/2026\/01\/19841118-5156-4202-a8e3-d63792f8527e-768x510.jpeg\" class=\"attachment-medium_large size-medium_large wp-image-11074\" alt=\"\" srcset=\"https:\/\/sharmholidays.net\/wp-content\/uploads\/2026\/01\/19841118-5156-4202-a8e3-d63792f8527e-768x510.jpeg 768w, https:\/\/sharmholidays.net\/wp-content\/uploads\/2026\/01\/19841118-5156-4202-a8e3-d63792f8527e-800x531.jpeg 800w, https:\/\/sharmholidays.net\/wp-content\/uploads\/2026\/01\/19841118-5156-4202-a8e3-d63792f8527e-1200x797.jpeg 1200w, https:\/\/sharmholidays.net\/wp-content\/uploads\/2026\/01\/19841118-5156-4202-a8e3-d63792f8527e-18x12.jpeg 18w, https:\/\/sharmholidays.net\/wp-content\/uploads\/2026\/01\/19841118-5156-4202-a8e3-d63792f8527e.jpeg 1295w\" sizes=\"(max-width: 525px) 100vw, 525px\" \/>\n                <\/div>\n                <\/a>\n                <div class=\"elementskit-box-body ekit-image-box-body\">\n                    <div class=\"elementskit-box-content ekit-image-box-body-inner\">\n                                                <h3 class=\"elementskit-info-box-title\">\n\n                        Ras Abu Ghaloum, Blue Hole y paseo por la ciudad de Dahab\n                        \n                    <\/h3>\n                                                            <div class=\"elementskit-box-style-content\">\n                        Descubre las maravillas naturales del Sina\u00ed, incluyendo el vibrante Ca\u00f1\u00f3n de Colores, el m\u00edstico Agujero Azul y la encantadora ciudad de Dahab.\n<br>\n<div style=\"gap: 20px;flex-wrap: wrap;align-items: center;justify-content: center;margin: 30px 0;font-family: 'Inter', 'Segoe UI', Tahoma, Geneva, Verdana, sans-serif;max-width: 100%\">\n  <div style=\"align-items: center;justify-content: center;background: linear-gradient(135deg, #ffffff, #f8f9fa);padding: 12px 30px;border-radius: 50px;border: 1px solid #dee2e6;min-width: 120px\">\n    <span style=\"font-weight: 700;font-size: 2rem;color: #0056b3;line-height: 1;letter-spacing: -0.02em\">\u20ac25<\/span>\n  <\/div>\n<\/div>                    <\/div>\n                                    <\/div>\n\n                                <div class=\"elementskit-box-footer\">\n                    <div class=\"box-footer\">\n                        <div class=\"btn-wraper\">\n                                                            <a href=\"https:\/\/sharmholidays.net\/es\/sharm-el-sheikh-quad-desert-safari-half-day\/\" class=\"elementskit-btn whitespace--normal\">\n                                    \n                                    \n                                    Reservar ahora                                <\/a>\n                                                        <\/div>\n                    <\/div>\n                <\/div>\n                            <\/div>\n            <\/div>\n    <\/div>\t\t\t\t<\/div>\n\t\t\t\t<\/div>\n\t\t\t\t<div class=\"elementor-element elementor-element-dc7aa82 ekit-equal-height-disable elementor-widget elementor-widget-elementskit-image-box\" data-id=\"dc7aa82\" data-element_type=\"widget\" data-e-type=\"widget\" data-settings=\"{&quot;ekit_we_effect_on&quot;:&quot;none&quot;}\" data-widget_type=\"elementskit-image-box.default\">\n\t\t\t\t<div class=\"elementor-widget-container\">\n\t\t\t\t\t<div class=\"ekit-wid-con\" >\n            <div class=\"elementskit-info-image-box ekit-image-box text-center style-modern\" >\n\n                <a href=\"https:\/\/sharmholidays.net\/es\/parasailing-over-sharm-el-sheikh\/\">\n                <div class=\"elementskit-box-header image-box-img-center\">\n\n                    <img decoding=\"async\" width=\"525\" height=\"359\" src=\"https:\/\/sharmholidays.net\/wp-content\/uploads\/2026\/01\/bcffe202-cfce-4dd2-acf4-53a12d9cbcfa-e1769441118598-768x525.jpeg\" class=\"attachment-medium_large size-medium_large wp-image-11050\" alt=\"\" srcset=\"https:\/\/sharmholidays.net\/wp-content\/uploads\/2026\/01\/bcffe202-cfce-4dd2-acf4-53a12d9cbcfa-e1769441118598-768x525.jpeg 768w, https:\/\/sharmholidays.net\/wp-content\/uploads\/2026\/01\/bcffe202-cfce-4dd2-acf4-53a12d9cbcfa-e1769441118598-800x547.jpeg 800w, https:\/\/sharmholidays.net\/wp-content\/uploads\/2026\/01\/bcffe202-cfce-4dd2-acf4-53a12d9cbcfa-e1769441118598-1200x820.jpeg 1200w, https:\/\/sharmholidays.net\/wp-content\/uploads\/2026\/01\/bcffe202-cfce-4dd2-acf4-53a12d9cbcfa-e1769441118598-18x12.jpeg 18w, https:\/\/sharmholidays.net\/wp-content\/uploads\/2026\/01\/bcffe202-cfce-4dd2-acf4-53a12d9cbcfa-e1769441118598.jpeg 1280w\" sizes=\"(max-width: 525px) 100vw, 525px\" \/>\n                <\/div>\n                <\/a>\n                <div class=\"elementskit-box-body ekit-image-box-body\">\n                    <div class=\"elementskit-box-content ekit-image-box-body-inner\">\n                                                <h3 class=\"elementskit-info-box-title\">\n\n                        Visita al Monasterio de Santa Catalina y al Valle de Zaga\n                        \n                    <\/h3>\n                                                            <div class=\"elementskit-box-style-content\">\n                        Explore el Monasterio de Santa Catalina y el Valle de Zaga: historia, belleza del desierto y cultura beduina en un recorrido inolvidable.\n<br>\n<div style=\"gap: 20px;flex-wrap: wrap;align-items: center;justify-content: center;margin: 30px 0;font-family: 'Inter', 'Segoe UI', Tahoma, Geneva, Verdana, sans-serif;max-width: 100%\">\n  <div style=\"align-items: center;justify-content: center;background: linear-gradient(135deg, #ffffff, #f8f9fa);padding: 12px 30px;border-radius: 50px;border: 1px solid #dee2e6;min-width: 120px\">\n    <span style=\"font-weight: 700;font-size: 2rem;color: #0056b3;line-height: 1;letter-spacing: -0.02em\">\u20ac40<\/span>\n  <\/div>\n<\/div>                    <\/div>\n                                    <\/div>\n\n                                <div class=\"elementskit-box-footer\">\n                    <div class=\"box-footer\">\n                        <div class=\"btn-wraper\">\n                                                            <a href=\"https:\/\/sharmholidays.net\/es\/tour-to-st-catherines-monastery-the-valley-of-zaga-2\/\" class=\"elementskit-btn whitespace--normal\">\n                                    \n                                    \n                                    Reservar ahora                                 <\/a>\n                                                        <\/div>\n                    <\/div>\n                <\/div>\n                            <\/div>\n            <\/div>\n    <\/div>\t\t\t\t<\/div>\n\t\t\t\t<\/div>\n\t\t\t\t\t<\/div>\n\t\t<\/div>\n\t\t\t\t<div class=\"elementor-column elementor-col-33 elementor-inner-column elementor-element elementor-element-3ec761f\" data-id=\"3ec761f\" data-element_type=\"column\" data-e-type=\"column\">\n\t\t\t<div class=\"elementor-widget-wrap elementor-element-populated\">\n\t\t\t\t\t\t<div class=\"elementor-element elementor-element-07f4a0a ekit-equal-height-disable elementor-widget elementor-widget-elementskit-image-box\" data-id=\"07f4a0a\" data-element_type=\"widget\" data-e-type=\"widget\" data-settings=\"{&quot;ekit_we_effect_on&quot;:&quot;none&quot;}\" data-widget_type=\"elementskit-image-box.default\">\n\t\t\t\t<div class=\"elementor-widget-container\">\n\t\t\t\t\t<div class=\"ekit-wid-con\" >\n            <div class=\"elementskit-info-image-box ekit-image-box text-center style-modern\" >\n\n                <a href=\"https:\/\/sharmholidays.net\/es\/sharm-el-sheikh-glass-submarine-tour\/\">\n                <div class=\"elementskit-box-header image-box-img-center\">\n\n                    <img decoding=\"async\" width=\"525\" height=\"349\" src=\"https:\/\/sharmholidays.net\/wp-content\/uploads\/2026\/01\/307b757a-624c-4618-9870-d3ae19a5334e-768x511.jpeg\" class=\"attachment-medium_large size-medium_large wp-image-11075\" alt=\"\" srcset=\"https:\/\/sharmholidays.net\/wp-content\/uploads\/2026\/01\/307b757a-624c-4618-9870-d3ae19a5334e-768x511.jpeg 768w, https:\/\/sharmholidays.net\/wp-content\/uploads\/2026\/01\/307b757a-624c-4618-9870-d3ae19a5334e-800x532.jpeg 800w, https:\/\/sharmholidays.net\/wp-content\/uploads\/2026\/01\/307b757a-624c-4618-9870-d3ae19a5334e-1200x798.jpeg 1200w, https:\/\/sharmholidays.net\/wp-content\/uploads\/2026\/01\/307b757a-624c-4618-9870-d3ae19a5334e-1536x1022.jpeg 1536w, https:\/\/sharmholidays.net\/wp-content\/uploads\/2026\/01\/307b757a-624c-4618-9870-d3ae19a5334e-18x12.jpeg 18w, https:\/\/sharmholidays.net\/wp-content\/uploads\/2026\/01\/307b757a-624c-4618-9870-d3ae19a5334e.jpeg 1678w\" sizes=\"(max-width: 525px) 100vw, 525px\" \/>\n                <\/div>\n                <\/a>\n                <div class=\"elementskit-box-body ekit-image-box-body\">\n                    <div class=\"elementskit-box-content ekit-image-box-body-inner\">\n                                                <h3 class=\"elementskit-info-box-title\">\n\n                        Excursi\u00f3n en supermoto por el desierto con cena beduina.\n                        \n                    <\/h3>\n                                                            <div class=\"elementskit-box-style-content\">\n                        Disfruta de una emocionante excursi\u00f3n en Supermoto por el desierto a trav\u00e9s de paisajes impresionantes. Navega por terrenos desafiantes y \n<br>\n<div style=\"gap: 20px;flex-wrap: wrap;align-items: center;justify-content: center;margin: 30px 0;font-family: 'Inter', 'Segoe UI', Tahoma, Geneva, Verdana, sans-serif;max-width: 100%\">\n  <div style=\"align-items: center;justify-content: center;background: linear-gradient(135deg, #ffffff, #f8f9fa);padding: 12px 30px;border-radius: 50px;border: 1px solid #dee2e6;min-width: 120px\">\n    <span style=\"font-weight: 700;font-size: 2rem;color: #0056b3;line-height: 1;letter-spacing: -0.02em\">\u20ac40<\/span>\n  <\/div>\n<\/div>                    <\/div>\n                                    <\/div>\n\n                                <div class=\"elementskit-box-footer\">\n                    <div class=\"box-footer\">\n                        <div class=\"btn-wraper\">\n                                                            <a href=\"https:\/\/sharmholidays.net\/es\/sharm-el-sheikh-glass-submarine-tour\/\" class=\"elementskit-btn whitespace--normal\">\n                                    \n                                    \n                                    Reservar ahora                                <\/a>\n                                                        <\/div>\n                    <\/div>\n                <\/div>\n                            <\/div>\n            <\/div>\n    <\/div>\t\t\t\t<\/div>\n\t\t\t\t<\/div>\n\t\t\t\t\t<\/div>\n\t\t<\/div>\n\t\t\t\t<div class=\"elementor-column elementor-col-33 elementor-inner-column elementor-element elementor-element-8d05ae7\" data-id=\"8d05ae7\" data-element_type=\"column\" data-e-type=\"column\">\n\t\t\t<div class=\"elementor-widget-wrap elementor-element-populated\">\n\t\t\t\t\t\t<div class=\"elementor-element elementor-element-cacfc5c ekit-equal-height-disable elementor-widget elementor-widget-elementskit-image-box\" data-id=\"cacfc5c\" data-element_type=\"widget\" data-e-type=\"widget\" data-settings=\"{&quot;ekit_we_effect_on&quot;:&quot;none&quot;}\" data-widget_type=\"elementskit-image-box.default\">\n\t\t\t\t<div class=\"elementor-widget-container\">\n\t\t\t\t\t<div class=\"ekit-wid-con\" >\n            <div class=\"elementskit-info-image-box ekit-image-box text-center style-modern\" >\n\n                <a href=\"https:\/\/sharmholidays.net\/es\/mount-sinai-st-catherines-monastery-excursion\/\">\n                <div class=\"elementskit-box-header image-box-img-center\">\n\n                    <img loading=\"lazy\" decoding=\"async\" width=\"525\" height=\"350\" src=\"https:\/\/sharmholidays.net\/wp-content\/uploads\/2026\/01\/af09a900-8877-4696-a7c8-8c7124d20f93-768x512.jpeg\" class=\"attachment-medium_large size-medium_large wp-image-11052\" alt=\"\" srcset=\"https:\/\/sharmholidays.net\/wp-content\/uploads\/2026\/01\/af09a900-8877-4696-a7c8-8c7124d20f93-768x512.jpeg 768w, https:\/\/sharmholidays.net\/wp-content\/uploads\/2026\/01\/af09a900-8877-4696-a7c8-8c7124d20f93-800x533.jpeg 800w, https:\/\/sharmholidays.net\/wp-content\/uploads\/2026\/01\/af09a900-8877-4696-a7c8-8c7124d20f93-1200x800.jpeg 1200w, https:\/\/sharmholidays.net\/wp-content\/uploads\/2026\/01\/af09a900-8877-4696-a7c8-8c7124d20f93-1536x1024.jpeg 1536w, https:\/\/sharmholidays.net\/wp-content\/uploads\/2026\/01\/af09a900-8877-4696-a7c8-8c7124d20f93-18x12.jpeg 18w, https:\/\/sharmholidays.net\/wp-content\/uploads\/2026\/01\/af09a900-8877-4696-a7c8-8c7124d20f93.jpeg 1678w\" sizes=\"(max-width: 525px) 100vw, 525px\" \/>\n                <\/div>\n                <\/a>\n                <div class=\"elementskit-box-body ekit-image-box-body\">\n                    <div class=\"elementskit-box-content ekit-image-box-body-inner\">\n                                                <h3 class=\"elementskit-info-box-title\">\n\n                        Excursi\u00f3n al Monte Sina\u00ed y al Monasterio de Santa Catalina\n                        \n                    <\/h3>\n                                                            <div class=\"elementskit-box-style-content\">\n                        Emb\u00e1rcate en un viaje espiritual al Monte Sina\u00ed y explora el hist\u00f3rico Monasterio de Santa Catalina, declarado Patrimonio de la Humanidad por la UNESCO.\n\n<br>\n<div style=\"gap: 20px;flex-wrap: wrap;align-items: center;justify-content: center;margin: 30px 0;font-family: 'Inter', 'Segoe UI', Tahoma, Geneva, Verdana, sans-serif;max-width: 100%\">\n  <div style=\"align-items: center;justify-content: center;background: linear-gradient(135deg, #ffffff, #f8f9fa);padding: 12px 30px;border-radius: 50px;border: 1px solid #dee2e6;min-width: 120px\">\n    <span style=\"font-weight: 700;font-size: 2rem;color: #0056b3;line-height: 1;letter-spacing: -0.02em\">\u20ac45<\/span>\n  <\/div>\n<\/div>                    <\/div>\n                                    <\/div>\n\n                                <div class=\"elementskit-box-footer\">\n                    <div class=\"box-footer\">\n                        <div class=\"btn-wraper\">\n                                                            <a href=\"https:\/\/sharmholidays.net\/es\/mount-sinai-st-catherines-monastery-excursion\/\" class=\"elementskit-btn whitespace--normal\">\n                                    \n                                    \n                                    Reservar ahora                                 <\/a>\n                                                        <\/div>\n                    <\/div>\n                <\/div>\n                            <\/div>\n            <\/div>\n    <\/div>\t\t\t\t<\/div>\n\t\t\t\t<\/div>\n\t\t\t\t\t<\/div>\n\t\t<\/div>\n\t\t\t\t\t<\/div>\n\t\t<\/section>\n\t\t\t\t\t<\/div>\n\t\t<\/div>\n\t\t\t\t\t<\/div>\n\t\t<\/section>\n\t\t<div class=\"elementor-element elementor-element-d46da9c e-flex e-con-boxed e-con e-parent\" data-id=\"d46da9c\" data-element_type=\"container\" data-e-type=\"container\" data-settings=\"{&quot;ekit_has_onepagescroll_dot&quot;:&quot;yes&quot;}\">\n\t\t\t\t\t<div class=\"e-con-inner\">\n\t\t\t\t<div class=\"elementor-element elementor-element-7f64576 elementor-widget elementor-widget-spacer\" data-id=\"7f64576\" data-element_type=\"widget\" data-e-type=\"widget\" data-settings=\"{&quot;ekit_we_effect_on&quot;:&quot;none&quot;}\" data-widget_type=\"spacer.default\">\n\t\t\t\t<div class=\"elementor-widget-container\">\n\t\t\t\t\t\t\t<div class=\"elementor-spacer\">\n\t\t\t<div class=\"elementor-spacer-inner\"><\/div>\n\t\t<\/div>\n\t\t\t\t\t\t<\/div>\n\t\t\t\t<\/div>\n\t\t\t\t\t<\/div>\n\t\t\t\t<\/div>\n\t\t<div class=\"elementor-element elementor-element-3ce9c92 e-con-full e-flex e-con e-parent\" data-id=\"3ce9c92\" data-element_type=\"container\" data-e-type=\"container\" data-settings=\"{&quot;ekit_has_onepagescroll_dot&quot;:&quot;yes&quot;}\">\n\t\t\t\t<div class=\"elementor-element elementor-element-82388fe elementor-widget elementor-widget-travic_newsletter_form\" data-id=\"82388fe\" data-element_type=\"widget\" data-e-type=\"widget\" data-settings=\"{&quot;btn_margin&quot;:{&quot;unit&quot;:&quot;px&quot;,&quot;top&quot;:&quot;&quot;,&quot;right&quot;:&quot;&quot;,&quot;bottom&quot;:&quot;&quot;,&quot;left&quot;:&quot;&quot;,&quot;isLinked&quot;:true},&quot;btn_margin_tablet&quot;:{&quot;unit&quot;:&quot;px&quot;,&quot;top&quot;:&quot;&quot;,&quot;right&quot;:&quot;&quot;,&quot;bottom&quot;:&quot;&quot;,&quot;left&quot;:&quot;&quot;,&quot;isLinked&quot;:true},&quot;btn_margin_mobile&quot;:{&quot;unit&quot;:&quot;px&quot;,&quot;top&quot;:&quot;&quot;,&quot;right&quot;:&quot;&quot;,&quot;bottom&quot;:&quot;&quot;,&quot;left&quot;:&quot;&quot;,&quot;isLinked&quot;:true},&quot;btn_padding&quot;:{&quot;unit&quot;:&quot;px&quot;,&quot;top&quot;:&quot;&quot;,&quot;right&quot;:&quot;&quot;,&quot;bottom&quot;:&quot;&quot;,&quot;left&quot;:&quot;&quot;,&quot;isLinked&quot;:true},&quot;btn_padding_tablet&quot;:{&quot;unit&quot;:&quot;px&quot;,&quot;top&quot;:&quot;&quot;,&quot;right&quot;:&quot;&quot;,&quot;bottom&quot;:&quot;&quot;,&quot;left&quot;:&quot;&quot;,&quot;isLinked&quot;:true},&quot;btn_padding_mobile&quot;:{&quot;unit&quot;:&quot;px&quot;,&quot;top&quot;:&quot;&quot;,&quot;right&quot;:&quot;&quot;,&quot;bottom&quot;:&quot;&quot;,&quot;left&quot;:&quot;&quot;,&quot;isLinked&quot;:true},&quot;ekit_we_effect_on&quot;:&quot;none&quot;}\" data-widget_type=\"travic_newsletter_form.default\">\n\t\t\t\t<div class=\"elementor-widget-container\">\n\t\t\t\t\t        \n                \n        <!-- subscribe-style-two -->\n        <section class=\"subscribe-style-two te-icon-box\">\n            <div class=\"bg-color te-icon-box\"><\/div>\n            <div class=\"auto-container\">\n                <div class=\"inner-container\">\n                    <div class=\"bg-layer\" style=\"background-image: url(https:\/\/sharmholidays.net\/wp-content\/uploads\/2025\/03\/beautiful-romantic-sunset-over-a-sandy-beach-and-palm-trees-egypt-hurghada.jpg);\"><\/div>                                        <div class=\"shape\">\n                        <div class=\"shape-1\" style=\"background-image: url(https:\/\/sharmholidays.net\/wp-content\/themes\/travic\/assets\/images\/shape\/shape-16.png);\"><\/div>\n                        <div class=\"shape-2\" style=\"background-image: url(https:\/\/sharmholidays.net\/wp-content\/themes\/travic\/assets\/images\/shape\/shape-17.png);\"><\/div>\n                    <\/div>\n                                        <div class=\"content-box\">\n                        <h2 class=\"te-title\">Suscr\u00edbete para recibir las \u00faltimas actualizaciones sobre viajes.<\/h2>                        <div class=\"form-inner\">\n                            <script>(function() {\n\twindow.mc4wp = window.mc4wp || {\n\t\tlisteners: [],\n\t\tforms: {\n\t\t\ton: function(evt, cb) {\n\t\t\t\twindow.mc4wp.listeners.push(\n\t\t\t\t\t{\n\t\t\t\t\t\tevent   : evt,\n\t\t\t\t\t\tcallback: cb\n\t\t\t\t\t}\n\t\t\t\t);\n\t\t\t}\n\t\t}\n\t}\n})();\n<\/script><!-- Mailchimp for WordPress v4.12.2 - https:\/\/wordpress.org\/plugins\/mailchimp-for-wp\/ --><form id=\"mc4wp-form-1\" class=\"mc4wp-form mc4wp-form-240\" method=\"post\" data-id=\"240\" data-name=\"Newsletter Form\" action=\"\" ><div class=\"mc4wp-form-fields\"><div class=\"form-group\">\r\n<input type=\"email\" name=\"email\" placeholder=\"Direcci\u00f3n de correo electr\u00f3nico*\" required>\r\n<button type=\"submit\" class=\"theme-btn\">Suscribir<i class=\"fa fa-long-arrow-right\"><\/i><\/button>\r\n<\/div><\/div><label style=\"display: none !important;\">Deja vac\u00edo este campo si eres humano: <input type=\"text\" name=\"_mc4wp_honeypot\" value=\"\" tabindex=\"-1\" autocomplete=\"off\" \/><\/label><input type=\"hidden\" name=\"_mc4wp_timestamp\" value=\"1778083878\" \/><input type=\"hidden\" name=\"_mc4wp_form_id\" value=\"240\" \/><input type=\"hidden\" name=\"_mc4wp_form_element_id\" value=\"mc4wp-form-1\" \/><div class=\"mc4wp-response\"><\/div><input type=\"hidden\" name=\"trp-form-language\" value=\"es\"\/><\/form><!-- \/ Mailchimp for WordPress Plugin -->                        <\/div>\n                    <\/div>\n                <\/div>\n            <\/div>\n        <\/section>\n        <!-- subscribe-style-two end -->\n        \n        \t\t\t\t<\/div>\n\t\t\t\t<\/div>\n\t\t\t\t<\/div>\n\t\t\t\t<\/div>","protected":false},"excerpt":{"rendered":"<p>Travel Top Tours Top Desert Tours in Sharm El Sheikh Ras Abu Ghaloum, Blue Hole &amp; Dahab City Walk Explore Sinai&#8217;s natural wonders, including the vibrant Colored Canyon, mystical Blue Hole, and the charming town of Dahab. \u20ac25 Book Now Tour to St. Catherine\u2019s Monastery &amp; the Valley of Zaga Explore St. Catherine\u2019s Monastery and&hellip;<\/p>","protected":false},"author":1,"featured_media":0,"parent":16,"menu_order":0,"comment_status":"closed","ping_status":"closed","template":"tpl-default-elementor.php","meta":{"footnotes":""},"class_list":["post-10479","page","type-page","status-publish","hentry"],"aioseo_notices":[],"_links":{"self":[{"href":"https:\/\/sharmholidays.net\/es\/wp-json\/wp\/v2\/pages\/10479","targetHints":{"allow":["GET"]}}],"collection":[{"href":"https:\/\/sharmholidays.net\/es\/wp-json\/wp\/v2\/pages"}],"about":[{"href":"https:\/\/sharmholidays.net\/es\/wp-json\/wp\/v2\/types\/page"}],"author":[{"embeddable":true,"href":"https:\/\/sharmholidays.net\/es\/wp-json\/wp\/v2\/users\/1"}],"replies":[{"embeddable":true,"href":"https:\/\/sharmholidays.net\/es\/wp-json\/wp\/v2\/comments?post=10479"}],"version-history":[{"count":12,"href":"https:\/\/sharmholidays.net\/es\/wp-json\/wp\/v2\/pages\/10479\/revisions"}],"predecessor-version":[{"id":11417,"href":"https:\/\/sharmholidays.net\/es\/wp-json\/wp\/v2\/pages\/10479\/revisions\/11417"}],"up":[{"embeddable":true,"href":"https:\/\/sharmholidays.net\/es\/wp-json\/wp\/v2\/pages\/16"}],"wp:attachment":[{"href":"https:\/\/sharmholidays.net\/es\/wp-json\/wp\/v2\/media?parent=10479"}],"curies":[{"name":"wp","href":"https:\/\/api.w.org\/{rel}","templated":true}]}}